{"id":2200,"date":"2023-03-21T14:38:12","date_gmt":"2023-03-21T13:38:12","guid":{"rendered":"https:\/\/www.viscoh.de\/was-eine-normgerechte-unterlage-leisten-muss\/"},"modified":"2024-04-16T15:32:06","modified_gmt":"2024-04-16T13:32:06","slug":"what-an-underlay-has-to-achieve-today","status":"publish","type":"page","link":"https:\/\/alt.viscoh.de\/en\/what-an-underlay-has-to-achieve-today\/","title":{"rendered":"What an underlay has to achieve today"},"content":{"rendered":"","protected":false},"excerpt":{"rendered":"","protected":false},"author":1,"featured_media":0,"parent":0,"menu_order":0,"comment_status":"closed","ping_status":"closed","template":"","meta":{"inline_featured_image":false,"footnotes":""},"folder":[],"class_list":["post-2200","page","type-page","status-publish","hentry"],"yoast_head":"<!-- This site is optimized with the Yoast SEO plugin v25.6 - https:\/\/yoast.com\/wordpress\/plugins\/seo\/ -->\n<title>Unterlagen | VISCOH\u00a9<\/title>\n<meta name=\"description\" content=\"Mindestanforderungen sind f\u00fcr VISCOH niemals das Ma\u00df der Dinge, denn wir setzen neue Standards.\" \/>\n<meta name=\"robots\" content=\"index, follow, max-snippet:-1, max-image-preview:large, max-video-preview:-1\" \/>\n<link rel=\"canonical\" href=\"https:\/\/alt.viscoh.de\/en\/what-an-underlay-has-to-achieve-today\/\" \/>\n<meta property=\"og:locale\" content=\"en_US\" \/>\n<meta property=\"og:type\" content=\"article\" \/>\n<meta property=\"og:title\" content=\"Unterlagen | VISCOH\u00a9\" \/>\n<meta property=\"og:description\" content=\"Mindestanforderungen sind f\u00fcr VISCOH niemals das Ma\u00df der Dinge, denn wir setzen neue Standards.\" \/>\n<meta property=\"og:url\" content=\"https:\/\/alt.viscoh.de\/en\/what-an-underlay-has-to-achieve-today\/\" \/>\n<meta property=\"og:site_name\" content=\"VISCOH\u00a9 | VISCOH, die ultimative Trittschalld\u00e4mmung f\u00fcr schwimmend verlegte Parkettb\u00f6den und Laminatb\u00f6den\" \/>\n<meta property=\"article:modified_time\" content=\"2024-04-16T13:32:06+00:00\" \/>\n<meta name=\"twitter:card\" content=\"summary_large_image\" \/>\n<meta name=\"twitter:label1\" content=\"Est. reading time\" \/>\n\t<meta name=\"twitter:data1\" content=\"3 minutes\" \/>\n<script type=\"application\/ld+json\" class=\"yoast-schema-graph\">{\"@context\":\"https:\/\/schema.org\",\"@graph\":[{\"@type\":\"WebPage\",\"@id\":\"https:\/\/alt.viscoh.de\/en\/what-an-underlay-has-to-achieve-today\/\",\"url\":\"https:\/\/alt.viscoh.de\/en\/what-an-underlay-has-to-achieve-today\/\",\"name\":\"Unterlagen | VISCOH\u00a9\",\"isPartOf\":{\"@id\":\"https:\/\/alt.viscoh.de\/#website\"},\"datePublished\":\"2023-03-21T13:38:12+00:00\",\"dateModified\":\"2024-04-16T13:32:06+00:00\",\"description\":\"Mindestanforderungen sind f\u00fcr VISCOH niemals das Ma\u00df der Dinge, denn wir setzen neue Standards.\",\"breadcrumb\":{\"@id\":\"https:\/\/alt.viscoh.de\/en\/what-an-underlay-has-to-achieve-today\/#breadcrumb\"},\"inLanguage\":\"en-US\",\"potentialAction\":[{\"@type\":\"ReadAction\",\"target\":[\"https:\/\/alt.viscoh.de\/en\/what-an-underlay-has-to-achieve-today\/\"]}]},{\"@type\":\"BreadcrumbList\",\"@id\":\"https:\/\/alt.viscoh.de\/en\/what-an-underlay-has-to-achieve-today\/#breadcrumb\",\"itemListElement\":[{\"@type\":\"ListItem\",\"position\":1,\"name\":\"Startseite\",\"item\":\"https:\/\/alt.viscoh.de\/en\/\"},{\"@type\":\"ListItem\",\"position\":2,\"name\":\"What an underlay has to achieve today\"}]},{\"@type\":\"WebSite\",\"@id\":\"https:\/\/alt.viscoh.de\/#website\",\"url\":\"https:\/\/alt.viscoh.de\/\",\"name\":\"VISCOH\u00a9 | VISCOH, die ultimative Trittschalld\u00e4mmung f\u00fcr schwimmend verlegte Parkettb\u00f6den und Laminatb\u00f6den\",\"description\":\"\",\"potentialAction\":[{\"@type\":\"SearchAction\",\"target\":{\"@type\":\"EntryPoint\",\"urlTemplate\":\"https:\/\/alt.viscoh.de\/?s={search_term_string}\"},\"query-input\":{\"@type\":\"PropertyValueSpecification\",\"valueRequired\":true,\"valueName\":\"search_term_string\"}}],\"inLanguage\":\"en-US\"}]}<\/script>\n<!-- \/ Yoast SEO plugin. -->","yoast_head_json":{"title":"Unterlagen | VISCOH\u00a9","description":"Mindestanforderungen sind f\u00fcr VISCOH niemals das Ma\u00df der Dinge, denn wir setzen neue Standards.","robots":{"index":"index","follow":"follow","max-snippet":"max-snippet:-1","max-image-preview":"max-image-preview:large","max-video-preview":"max-video-preview:-1"},"canonical":"https:\/\/alt.viscoh.de\/en\/what-an-underlay-has-to-achieve-today\/","og_locale":"en_US","og_type":"article","og_title":"Unterlagen | VISCOH\u00a9","og_description":"Mindestanforderungen sind f\u00fcr VISCOH niemals das Ma\u00df der Dinge, denn wir setzen neue Standards.","og_url":"https:\/\/alt.viscoh.de\/en\/what-an-underlay-has-to-achieve-today\/","og_site_name":"VISCOH\u00a9 | VISCOH, die ultimative Trittschalld\u00e4mmung f\u00fcr schwimmend verlegte Parkettb\u00f6den und Laminatb\u00f6den","article_modified_time":"2024-04-16T13:32:06+00:00","twitter_card":"summary_large_image","twitter_misc":{"Est. reading time":"3 minutes"},"schema":{"@context":"https:\/\/schema.org","@graph":[{"@type":"WebPage","@id":"https:\/\/alt.viscoh.de\/en\/what-an-underlay-has-to-achieve-today\/","url":"https:\/\/alt.viscoh.de\/en\/what-an-underlay-has-to-achieve-today\/","name":"Unterlagen | VISCOH\u00a9","isPartOf":{"@id":"https:\/\/alt.viscoh.de\/#website"},"datePublished":"2023-03-21T13:38:12+00:00","dateModified":"2024-04-16T13:32:06+00:00","description":"Mindestanforderungen sind f\u00fcr VISCOH niemals das Ma\u00df der Dinge, denn wir setzen neue Standards.","breadcrumb":{"@id":"https:\/\/alt.viscoh.de\/en\/what-an-underlay-has-to-achieve-today\/#breadcrumb"},"inLanguage":"en-US","potentialAction":[{"@type":"ReadAction","target":["https:\/\/alt.viscoh.de\/en\/what-an-underlay-has-to-achieve-today\/"]}]},{"@type":"BreadcrumbList","@id":"https:\/\/alt.viscoh.de\/en\/what-an-underlay-has-to-achieve-today\/#breadcrumb","itemListElement":[{"@type":"ListItem","position":1,"name":"Startseite","item":"https:\/\/alt.viscoh.de\/en\/"},{"@type":"ListItem","position":2,"name":"What an underlay has to achieve today"}]},{"@type":"WebSite","@id":"https:\/\/alt.viscoh.de\/#website","url":"https:\/\/alt.viscoh.de\/","name":"VISCOH\u00a9 | VISCOH, die ultimative Trittschalld\u00e4mmung f\u00fcr schwimmend verlegte Parkettb\u00f6den und Laminatb\u00f6den","description":"","potentialAction":[{"@type":"SearchAction","target":{"@type":"EntryPoint","urlTemplate":"https:\/\/alt.viscoh.de\/?s={search_term_string}"},"query-input":{"@type":"PropertyValueSpecification","valueRequired":true,"valueName":"search_term_string"}}],"inLanguage":"en-US"}]}},"_links":{"self":[{"href":"https:\/\/alt.viscoh.de\/en\/wp-json\/wp\/v2\/pages\/2200","targetHints":{"allow":["GET"]}}],"collection":[{"href":"https:\/\/alt.viscoh.de\/en\/wp-json\/wp\/v2\/pages"}],"about":[{"href":"https:\/\/alt.viscoh.de\/en\/wp-json\/wp\/v2\/types\/page"}],"author":[{"embeddable":true,"href":"https:\/\/alt.viscoh.de\/en\/wp-json\/wp\/v2\/users\/1"}],"replies":[{"embeddable":true,"href":"https:\/\/alt.viscoh.de\/en\/wp-json\/wp\/v2\/comments?post=2200"}],"version-history":[{"count":4,"href":"https:\/\/alt.viscoh.de\/en\/wp-json\/wp\/v2\/pages\/2200\/revisions"}],"predecessor-version":[{"id":2388,"href":"https:\/\/alt.viscoh.de\/en\/wp-json\/wp\/v2\/pages\/2200\/revisions\/2388"}],"wp:attachment":[{"href":"https:\/\/alt.viscoh.de\/en\/wp-json\/wp\/v2\/media?parent=2200"}],"wp:term":[{"taxonomy":"folder","embeddable":true,"href":"https:\/\/alt.viscoh.de\/en\/wp-json\/wp\/v2\/folder?post=2200"}],"curies":[{"name":"wp","href":"https:\/\/api.w.org\/{rel}","templated":true}]}}