{"id":2307,"date":"2023-03-21T11:44:02","date_gmt":"2023-03-21T10:44:02","guid":{"rendered":"https:\/\/www.viscoh.de\/?page_id=2307"},"modified":"2024-04-15T15:47:53","modified_gmt":"2024-04-15T13:47:53","slug":"the-new-simplicity","status":"publish","type":"page","link":"https:\/\/alt.viscoh.de\/en\/the-new-simplicity\/","title":{"rendered":"The new simplicity"},"content":{"rendered":"","protected":false},"excerpt":{"rendered":"","protected":false},"author":2,"featured_media":0,"parent":0,"menu_order":0,"comment_status":"closed","ping_status":"closed","template":"","meta":{"inline_featured_image":false,"footnotes":""},"folder":[],"class_list":["post-2307","page","type-page","status-publish","hentry"],"yoast_head":"<!-- This site is optimized with the Yoast SEO plugin v25.6 - https:\/\/yoast.com\/wordpress\/plugins\/seo\/ -->\n<title>The new simplicity - VISCOH\u00a9 | VISCOH, die ultimative Trittschalld\u00e4mmung f\u00fcr schwimmend verlegte Parkettb\u00f6den und Laminatb\u00f6den<\/title>\n<meta name=\"robots\" content=\"index, follow, max-snippet:-1, max-image-preview:large, max-video-preview:-1\" \/>\n<link rel=\"canonical\" href=\"https:\/\/alt.viscoh.de\/produkte\/die-neue-einfachheit\/\" \/>\n<meta property=\"og:locale\" content=\"en_US\" \/>\n<meta property=\"og:type\" content=\"article\" \/>\n<meta property=\"og:title\" content=\"The new simplicity - VISCOH\u00a9 | VISCOH, die ultimative Trittschalld\u00e4mmung f\u00fcr schwimmend verlegte Parkettb\u00f6den und Laminatb\u00f6den\" \/>\n<meta property=\"og:url\" content=\"https:\/\/alt.viscoh.de\/produkte\/die-neue-einfachheit\/\" \/>\n<meta property=\"og:site_name\" content=\"VISCOH\u00a9 | VISCOH, die ultimative Trittschalld\u00e4mmung f\u00fcr schwimmend verlegte Parkettb\u00f6den und Laminatb\u00f6den\" \/>\n<meta property=\"article:modified_time\" content=\"2024-04-15T13:47:53+00:00\" \/>\n<meta name=\"twitter:card\" content=\"summary_large_image\" \/>\n<meta name=\"twitter:label1\" content=\"Est. reading time\" \/>\n\t<meta name=\"twitter:data1\" content=\"2 minutes\" \/>\n<script type=\"application\/ld+json\" class=\"yoast-schema-graph\">{\"@context\":\"https:\/\/schema.org\",\"@graph\":[{\"@type\":\"WebPage\",\"@id\":\"https:\/\/alt.viscoh.de\/produkte\/die-neue-einfachheit\/\",\"url\":\"https:\/\/alt.viscoh.de\/produkte\/die-neue-einfachheit\/\",\"name\":\"The new simplicity - VISCOH\u00a9 | VISCOH, die ultimative Trittschalld\u00e4mmung f\u00fcr schwimmend verlegte Parkettb\u00f6den und Laminatb\u00f6den\",\"isPartOf\":{\"@id\":\"https:\/\/alt.viscoh.de\/#website\"},\"datePublished\":\"2023-03-21T10:44:02+00:00\",\"dateModified\":\"2024-04-15T13:47:53+00:00\",\"breadcrumb\":{\"@id\":\"https:\/\/alt.viscoh.de\/produkte\/die-neue-einfachheit\/#breadcrumb\"},\"inLanguage\":\"en-US\",\"potentialAction\":[{\"@type\":\"ReadAction\",\"target\":[\"https:\/\/alt.viscoh.de\/produkte\/die-neue-einfachheit\/\"]}]},{\"@type\":\"BreadcrumbList\",\"@id\":\"https:\/\/alt.viscoh.de\/produkte\/die-neue-einfachheit\/#breadcrumb\",\"itemListElement\":[{\"@type\":\"ListItem\",\"position\":1,\"name\":\"Startseite\",\"item\":\"https:\/\/alt.viscoh.de\/en\/\"},{\"@type\":\"ListItem\",\"position\":2,\"name\":\"The new simplicity\"}]},{\"@type\":\"WebSite\",\"@id\":\"https:\/\/alt.viscoh.de\/#website\",\"url\":\"https:\/\/alt.viscoh.de\/\",\"name\":\"VISCOH\u00a9 | VISCOH, die ultimative Trittschalld\u00e4mmung f\u00fcr schwimmend verlegte Parkettb\u00f6den und Laminatb\u00f6den\",\"description\":\"\",\"potentialAction\":[{\"@type\":\"SearchAction\",\"target\":{\"@type\":\"EntryPoint\",\"urlTemplate\":\"https:\/\/alt.viscoh.de\/?s={search_term_string}\"},\"query-input\":{\"@type\":\"PropertyValueSpecification\",\"valueRequired\":true,\"valueName\":\"search_term_string\"}}],\"inLanguage\":\"en-US\"}]}<\/script>\n<!-- \/ Yoast SEO plugin. -->","yoast_head_json":{"title":"The new simplicity - VISCOH\u00a9 | VISCOH, die ultimative Trittschalld\u00e4mmung f\u00fcr schwimmend verlegte Parkettb\u00f6den und Laminatb\u00f6den","robots":{"index":"index","follow":"follow","max-snippet":"max-snippet:-1","max-image-preview":"max-image-preview:large","max-video-preview":"max-video-preview:-1"},"canonical":"https:\/\/alt.viscoh.de\/produkte\/die-neue-einfachheit\/","og_locale":"en_US","og_type":"article","og_title":"The new simplicity - VISCOH\u00a9 | VISCOH, die ultimative Trittschalld\u00e4mmung f\u00fcr schwimmend verlegte Parkettb\u00f6den und Laminatb\u00f6den","og_url":"https:\/\/alt.viscoh.de\/produkte\/die-neue-einfachheit\/","og_site_name":"VISCOH\u00a9 | VISCOH, die ultimative Trittschalld\u00e4mmung f\u00fcr schwimmend verlegte Parkettb\u00f6den und Laminatb\u00f6den","article_modified_time":"2024-04-15T13:47:53+00:00","twitter_card":"summary_large_image","twitter_misc":{"Est. reading time":"2 minutes"},"schema":{"@context":"https:\/\/schema.org","@graph":[{"@type":"WebPage","@id":"https:\/\/alt.viscoh.de\/produkte\/die-neue-einfachheit\/","url":"https:\/\/alt.viscoh.de\/produkte\/die-neue-einfachheit\/","name":"The new simplicity - VISCOH\u00a9 | VISCOH, die ultimative Trittschalld\u00e4mmung f\u00fcr schwimmend verlegte Parkettb\u00f6den und Laminatb\u00f6den","isPartOf":{"@id":"https:\/\/alt.viscoh.de\/#website"},"datePublished":"2023-03-21T10:44:02+00:00","dateModified":"2024-04-15T13:47:53+00:00","breadcrumb":{"@id":"https:\/\/alt.viscoh.de\/produkte\/die-neue-einfachheit\/#breadcrumb"},"inLanguage":"en-US","potentialAction":[{"@type":"ReadAction","target":["https:\/\/alt.viscoh.de\/produkte\/die-neue-einfachheit\/"]}]},{"@type":"BreadcrumbList","@id":"https:\/\/alt.viscoh.de\/produkte\/die-neue-einfachheit\/#breadcrumb","itemListElement":[{"@type":"ListItem","position":1,"name":"Startseite","item":"https:\/\/alt.viscoh.de\/en\/"},{"@type":"ListItem","position":2,"name":"The new simplicity"}]},{"@type":"WebSite","@id":"https:\/\/alt.viscoh.de\/#website","url":"https:\/\/alt.viscoh.de\/","name":"VISCOH\u00a9 | VISCOH, die ultimative Trittschalld\u00e4mmung f\u00fcr schwimmend verlegte Parkettb\u00f6den und Laminatb\u00f6den","description":"","potentialAction":[{"@type":"SearchAction","target":{"@type":"EntryPoint","urlTemplate":"https:\/\/alt.viscoh.de\/?s={search_term_string}"},"query-input":{"@type":"PropertyValueSpecification","valueRequired":true,"valueName":"search_term_string"}}],"inLanguage":"en-US"}]}},"_links":{"self":[{"href":"https:\/\/alt.viscoh.de\/en\/wp-json\/wp\/v2\/pages\/2307","targetHints":{"allow":["GET"]}}],"collection":[{"href":"https:\/\/alt.viscoh.de\/en\/wp-json\/wp\/v2\/pages"}],"about":[{"href":"https:\/\/alt.viscoh.de\/en\/wp-json\/wp\/v2\/types\/page"}],"author":[{"embeddable":true,"href":"https:\/\/alt.viscoh.de\/en\/wp-json\/wp\/v2\/users\/2"}],"replies":[{"embeddable":true,"href":"https:\/\/alt.viscoh.de\/en\/wp-json\/wp\/v2\/comments?post=2307"}],"version-history":[{"count":5,"href":"https:\/\/alt.viscoh.de\/en\/wp-json\/wp\/v2\/pages\/2307\/revisions"}],"predecessor-version":[{"id":2317,"href":"https:\/\/alt.viscoh.de\/en\/wp-json\/wp\/v2\/pages\/2307\/revisions\/2317"}],"wp:attachment":[{"href":"https:\/\/alt.viscoh.de\/en\/wp-json\/wp\/v2\/media?parent=2307"}],"wp:term":[{"taxonomy":"folder","embeddable":true,"href":"https:\/\/alt.viscoh.de\/en\/wp-json\/wp\/v2\/folder?post=2307"}],"curies":[{"name":"wp","href":"https:\/\/api.w.org\/{rel}","templated":true}]}}